{"id":61,"date":"2025-01-17T21:47:57","date_gmt":"2025-01-17T20:47:57","guid":{"rendered":"https:\/\/envirostep.algerie.site\/?page_id=61"},"modified":"2026-02-11T08:41:56","modified_gmt":"2026-02-11T07:41:56","slug":"contact","status":"publish","type":"page","link":"https:\/\/profertagri.com\/en\/contact\/","title":{"rendered":"Contact"},"content":{"rendered":"\t\t<div data-elementor-type=\"wp-page\" data-elementor-id=\"61\" class=\"elementor elementor-61\" data-elementor-post-type=\"page\">\n\t\t\t\t<div class=\"elementor-element elementor-element-11888ef9 e-flex e-con-boxed e-con e-parent\" data-id=\"11888ef9\" data-element_type=\"container\" data-settings=\"{&quot;background_background&quot;:&quot;classic&quot;}\">\n\t\t\t\t\t<div class=\"e-con-inner\">\n\t\t<div class=\"elementor-element elementor-element-7c539dac e-flex e-con-boxed e-con e-child\" data-id=\"7c539dac\" data-element_type=\"container\">\n\t\t\t\t\t<div class=\"e-con-inner\">\n\t\t\t\t<div class=\"elementor-element elementor-element-1accf78e elementor-widget elementor-widget-elementskit-heading\" data-id=\"1accf78e\" data-element_type=\"widget\" data-widget_type=\"elementskit-heading.default\">\n\t\t\t\t<div class=\"elementor-widget-container\">\n\t\t\t\t\t<div class=\"ekit-wid-con\" ><div class=\"ekit-heading elementskit-section-title-wraper text_center   ekit_heading_tablet-   ekit_heading_mobile-\"><h2 class=\"ekit-heading--title elementskit-section-title text_fill\">Contact us<\/h2><\/div><\/div>\t\t\t\t<\/div>\n\t\t\t\t<\/div>\n\t\t\t\t\t<\/div>\n\t\t\t\t<\/div>\n\t\t\t\t\t<\/div>\n\t\t\t\t<\/div>\n\t\t<div class=\"elementor-element elementor-element-ce764b4 e-flex e-con-boxed e-con e-parent\" data-id=\"ce764b4\" data-element_type=\"container\">\n\t\t\t\t\t<div class=\"e-con-inner\">\n\t\t<div class=\"elementor-element elementor-element-16846e3 e-con-full e-flex e-con e-child\" data-id=\"16846e3\" data-element_type=\"container\" data-settings=\"{&quot;background_background&quot;:&quot;classic&quot;}\">\n\t\t<div class=\"elementor-element elementor-element-0839b64 e-con-full e-flex e-con e-child\" data-id=\"0839b64\" data-element_type=\"container\" data-settings=\"{&quot;background_background&quot;:&quot;gradient&quot;}\">\n\t\t\t\t<div class=\"elementor-element elementor-element-4a99d2a elementor-widget elementor-widget-text-editor\" data-id=\"4a99d2a\" data-element_type=\"widget\" data-widget_type=\"text-editor.default\">\n\t\t\t\t<div class=\"elementor-widget-container\">\n\t\t\t\t\t\t\t\t\t<ul><li style=\"font-weight: 400;\" aria-level=\"1\"><b>Europe &amp; Middle East Exports<\/b><span style=\"font-weight: 400;\"><br \/><\/span><span style=\"font-weight: 400;\">Mobile : +213 560 979 003<\/span><span style=\"font-weight: 400;\"><br \/><\/span><span style=\"font-weight: 400;\">E-mail : fatma.aissou@profertagri.com<\/span><\/li><\/ul>\t\t\t\t\t\t\t\t<\/div>\n\t\t\t\t<\/div>\n\t\t\t\t<\/div>\n\t\t<div class=\"elementor-element elementor-element-284bc16 e-con-full e-flex e-con e-child\" data-id=\"284bc16\" data-element_type=\"container\" data-settings=\"{&quot;background_background&quot;:&quot;gradient&quot;}\">\n\t\t\t\t<\/div>\n\t\t<div class=\"elementor-element elementor-element-38667ed e-con-full e-flex e-con e-child\" data-id=\"38667ed\" data-element_type=\"container\" data-settings=\"{&quot;background_background&quot;:&quot;gradient&quot;}\">\n\t\t\t\t<div class=\"elementor-element elementor-element-fb1f8da elementor-widget elementor-widget-text-editor\" data-id=\"fb1f8da\" data-element_type=\"widget\" data-widget_type=\"text-editor.default\">\n\t\t\t\t<div class=\"elementor-widget-container\">\n\t\t\t\t\t\t\t\t\t<ul><li><b>Management Office<\/b><span style=\"font-weight: 400;\"><br \/><\/span><span style=\"font-weight: 400;\">T\u00e9l\u00e9phone : +213 30 19 30 13<\/span><span style=\"font-weight: 400;\"><br \/><\/span><span style=\"font-weight: 400;\">E-mail : contact@profertagri.com<\/span><\/li><\/ul>\t\t\t\t\t\t\t\t<\/div>\n\t\t\t\t<\/div>\n\t\t\t\t<\/div>\n\t\t\t\t<\/div>\n\t\t<div class=\"elementor-element elementor-element-0882496 e-con-full e-flex e-con e-child\" data-id=\"0882496\" data-element_type=\"container\">\n\t\t<div class=\"elementor-element elementor-element-39e701f e-con-full e-flex e-con e-child\" data-id=\"39e701f\" data-element_type=\"container\" data-settings=\"{&quot;background_background&quot;:&quot;classic&quot;}\">\n\t\t<div class=\"elementor-element elementor-element-eb6b49b e-flex e-con-boxed e-con e-child\" data-id=\"eb6b49b\" data-element_type=\"container\">\n\t\t\t\t\t<div class=\"e-con-inner\">\n\t\t<div class=\"elementor-element elementor-element-47f2332 e-con-full e-flex e-con e-child\" data-id=\"47f2332\" data-element_type=\"container\">\n\t\t<div class=\"elementor-element elementor-element-48df51c e-con-full e-flex e-con e-child\" data-id=\"48df51c\" data-element_type=\"container\">\n\t\t\t\t<div class=\"elementor-element elementor-element-f327b9f elementor-widget elementor-widget-heading\" data-id=\"f327b9f\" data-element_type=\"widget\" data-widget_type=\"heading.default\">\n\t\t\t\t<div class=\"elementor-widget-container\">\n\t\t\t\t\t<h2 class=\"elementor-heading-title elementor-size-default\">Production site\n<\/h2>\t\t\t\t<\/div>\n\t\t\t\t<\/div>\n\t\t\t\t<div class=\"elementor-element elementor-element-17c55f5 elementor-widget elementor-widget-google_maps\" data-id=\"17c55f5\" data-element_type=\"widget\" data-widget_type=\"google_maps.default\">\n\t\t\t\t<div class=\"elementor-widget-container\">\n\t\t\t\t\t\t\t<div class=\"elementor-custom-embed\">\n\t\t\t<iframe loading=\"lazy\"\n\t\t\t\t\tsrc=\"https:\/\/maps.google.com\/maps?q=34%C2%B044%2748.3%22N%205%C2%B055%2739.1%22E&#038;t=m&#038;z=14&#038;output=embed&#038;iwloc=near\"\n\t\t\t\t\ttitle=\"34\u00b044&#039;48.3&quot;N 5\u00b055&#039;39.1&quot;E\"\n\t\t\t\t\taria-label=\"34\u00b044&#039;48.3&quot;N 5\u00b055&#039;39.1&quot;E\"\n\t\t\t><\/iframe>\n\t\t<\/div>\n\t\t\t\t\t\t<\/div>\n\t\t\t\t<\/div>\n\t\t\t\t<\/div>\n\t\t<div class=\"elementor-element elementor-element-faed7c3 e-con-full e-flex e-con e-child\" data-id=\"faed7c3\" data-element_type=\"container\">\n\t\t\t\t<div class=\"elementor-element elementor-element-37794bb elementor-widget elementor-widget-heading\" data-id=\"37794bb\" data-element_type=\"widget\" data-widget_type=\"heading.default\">\n\t\t\t\t<div class=\"elementor-widget-container\">\n\t\t\t\t\t<h2 class=\"elementor-heading-title elementor-size-default\">Head office<\/h2>\t\t\t\t<\/div>\n\t\t\t\t<\/div>\n\t\t\t\t<div class=\"elementor-element elementor-element-71565d7 elementor-widget elementor-widget-google_maps\" data-id=\"71565d7\" data-element_type=\"widget\" data-widget_type=\"google_maps.default\">\n\t\t\t\t<div class=\"elementor-widget-container\">\n\t\t\t\t\t\t\t<div class=\"elementor-custom-embed\">\n\t\t\t<iframe loading=\"lazy\"\n\t\t\t\t\tsrc=\"https:\/\/maps.google.com\/maps?q=04%20Chemins%2006000%2C%20BP%20395%20Rte%20des%20Aur%C3%A8s%2C%20B%C3%A9ja%C3%AFa%2006000&#038;t=m&#038;z=14&#038;output=embed&#038;iwloc=near\"\n\t\t\t\t\ttitle=\"04 Chemins 06000, BP 395 Rte des Aur\u00e8s, B\u00e9ja\u00efa 06000\"\n\t\t\t\t\taria-label=\"04 Chemins 06000, BP 395 Rte des Aur\u00e8s, B\u00e9ja\u00efa 06000\"\n\t\t\t><\/iframe>\n\t\t<\/div>\n\t\t\t\t\t\t<\/div>\n\t\t\t\t<\/div>\n\t\t\t\t<\/div>\n\t\t\t\t<\/div>\n\t\t\t\t\t<\/div>\n\t\t\t\t<\/div>\n\t\t\t\t<\/div>\n\t\t\t\t<\/div>\n\t\t\t\t\t<\/div>\n\t\t\t\t<\/div>\n\t\t\t\t<\/div>\n\t\t","protected":false},"excerpt":{"rendered":"<p>Contact us Europe &amp; Middle East ExportsMobile : +213 560 979 003E-mail : fatma.aissou@profertagri.com Management OfficeT\u00e9l\u00e9phone : +213 30 19 30 13E-mail : contact@profertagri.com Production site Head office<\/p>\n","protected":false},"author":1,"featured_media":0,"parent":0,"menu_order":0,"comment_status":"closed","ping_status":"closed","template":"elementor_header_footer","meta":{"footnotes":""},"class_list":["post-61","page","type-page","status-publish","hentry"],"_links":{"self":[{"href":"https:\/\/profertagri.com\/en\/wp-json\/wp\/v2\/pages\/61","targetHints":{"allow":["GET"]}}],"collection":[{"href":"https:\/\/profertagri.com\/en\/wp-json\/wp\/v2\/pages"}],"about":[{"href":"https:\/\/profertagri.com\/en\/wp-json\/wp\/v2\/types\/page"}],"author":[{"embeddable":true,"href":"https:\/\/profertagri.com\/en\/wp-json\/wp\/v2\/users\/1"}],"replies":[{"embeddable":true,"href":"https:\/\/profertagri.com\/en\/wp-json\/wp\/v2\/comments?post=61"}],"version-history":[{"count":115,"href":"https:\/\/profertagri.com\/en\/wp-json\/wp\/v2\/pages\/61\/revisions"}],"predecessor-version":[{"id":1610,"href":"https:\/\/profertagri.com\/en\/wp-json\/wp\/v2\/pages\/61\/revisions\/1610"}],"wp:attachment":[{"href":"https:\/\/profertagri.com\/en\/wp-json\/wp\/v2\/media?parent=61"}],"curies":[{"name":"wp","href":"https:\/\/api.w.org\/{rel}","templated":true}]}}